{"id":173,"date":"2016-03-16T16:18:31","date_gmt":"2016-03-16T15:18:31","guid":{"rendered":"http:\/\/www.aufkleber-druck-profi.de\/?page_id=173"},"modified":"2017-11-01T10:52:39","modified_gmt":"2017-11-01T09:52:39","slug":"gute-gestaltung","status":"publish","type":"page","link":"http:\/\/gestaltung-profi.de\/?page_id=173","title":{"rendered":"Woran erkennt man gute Gestaltung"},"content":{"rendered":"<p>Man h\u00f6rt immer wieder von Menschen, die von auff\u00e4lliger Werbung berichten. Sie k\u00f6nnen sich an eine bestimmte Werbung oder<br \/>\nein bestimmtes Produkt genauestens erinnern. Es ist nur zu hoffen, dass die Werbung auch wirklich positiv in Erinnerung bleibt.<br \/>\nNichts w\u00e4re schlimmer, als in negativer Erinnerung zu bleiben.<\/p>\n<p>Darum ist es unerl\u00e4sslich, die Arbeit fu\u0308r Gestaltungen denen zu u\u0308berlassen, die auch wirklich etwas davon verstehen. Das sind<br \/>\nGrafiker bzw. Grafikdesigner, die entweder selbstst\u00e4ndig oder in Werbeagenturen arbeiten. Sie haben u\u0308ber Jahre hinweg ihren<br \/>\nHandwerk gelernt bzw. studiert und wissen, was sie tun.<\/p>\n<p>Das Ergebnis, wenn ein wirklicher \u201eProfi\u201c an einer Gestaltung gearbeitet hat, wird man sofort erkennen. Das Ziel der Gestaltung<br \/>\nund die Botschaft werden klar zur Zielgruppe transportiert \u2013 und auch verstanden. Eine saubere Gestaltung l\u00e4sst schnell erkennen,<br \/>\nworum es geht und was vom Betrachter getan werden soll.<\/p>\n<p>Zum Beispiel bis zu einem bestimmten Termin ein bestimmtes<br \/>\nProdukt zu testen. Die Botschaft ist zudem nicht nur schnell zu erfassen, sondern hat in aller Regel auch eine witzige Text-Bild-Botschaft. Das erh\u00f6ht<br \/>\ndie Merkf\u00e4higkeit fu\u0308r ein bestimmtes Produkt und stellt zudem Sympathie her. Und das ist ganz, ganz wichtig fu\u0308r den Kauf!<\/p>\n<p>Vielleicht sind Ihnen folgende Aussagen sogar ohne die Bilder gel\u00e4ufig:<br \/>\n\u2013 Ihr guter Stern auf allen Stra\u00dfen (Mercedes-Benz)<br \/>\n\u2013 Eine Allianz fu\u0308rs Leben (Allianz Versicherungen)<br \/>\n\u2013 Nichts ist unm\u00f6glich (Toyota)<br \/>\n\u2013 Think different (Apple)<br \/>\n\u2013 Die Bank an Ihrer Seite (Commerzbank)<br \/>\n\u2013 Geiz ist geil (Saturn)<br \/>\n\u2013 Hauptsache Ihr habt Spa\u00df (Media Markt)<\/p>\n<p>Wenn Ihnen die obigen Aussagen auch ohne das Zeigen von Bildern (also einer Gestaltung) und Nennen einer Marke gel\u00e4ufig<br \/>\nsind, dann k\u00f6nnen Sie davon ausgehen, dass die Gestaltungen ziemlich gut waren und somit bei Ihnen haften geblieben sind.<br \/>\nAuch daran erkennt man gute Gestaltunsarbeit!<\/p>\n","protected":false},"excerpt":{"rendered":"<p>Man h\u00f6rt immer wieder von Menschen, die von auff\u00e4lliger Werbung berichten. Sie k\u00f6nnen sich an eine bestimmte Werbung oder ein<\/p>\n","protected":false},"author":1,"featured_media":0,"parent":0,"menu_order":0,"comment_status":"closed","ping_status":"closed","template":"","meta":{"footnotes":""},"_links":{"self":[{"href":"http:\/\/gestaltung-profi.de\/index.php?rest_route=\/wp\/v2\/pages\/173"}],"collection":[{"href":"http:\/\/gestaltung-profi.de\/index.php?rest_route=\/wp\/v2\/pages"}],"about":[{"href":"http:\/\/gestaltung-profi.de\/index.php?rest_route=\/wp\/v2\/types\/page"}],"author":[{"embeddable":true,"href":"http:\/\/gestaltung-profi.de\/index.php?rest_route=\/wp\/v2\/users\/1"}],"replies":[{"embeddable":true,"href":"http:\/\/gestaltung-profi.de\/index.php?rest_route=%2Fwp%2Fv2%2Fcomments&post=173"}],"version-history":[{"count":4,"href":"http:\/\/gestaltung-profi.de\/index.php?rest_route=\/wp\/v2\/pages\/173\/revisions"}],"predecessor-version":[{"id":292,"href":"http:\/\/gestaltung-profi.de\/index.php?rest_route=\/wp\/v2\/pages\/173\/revisions\/292"}],"wp:attachment":[{"href":"http:\/\/gestaltung-profi.de\/index.php?rest_route=%2Fwp%2Fv2%2Fmedia&parent=173"}],"curies":[{"name":"wp","href":"https:\/\/api.w.org\/{rel}","templated":true}]}}