{"id":171,"date":"2016-03-16T16:18:22","date_gmt":"2016-03-16T15:18:22","guid":{"rendered":"http:\/\/www.aufkleber-druck-profi.de\/?page_id=171"},"modified":"2017-10-27T15:08:17","modified_gmt":"2017-10-27T13:08:17","slug":"funktionen-von-gestaltung","status":"publish","type":"page","link":"http:\/\/gestaltung-profi.de\/?page_id=171","title":{"rendered":"Funktionen von Gestaltung"},"content":{"rendered":"<p>Die Funktionen von Design sind vielf\u00e4ltig und \u00e4ndern sich stetig. Dinge, die gestern noch als gut gestaltet galten, k\u00f6nnen heute<br \/>\nschon u\u0308berholt und somit altbacken wirken. Auf der gesamten Welt findet ein permanenter Ver\u00e4nderungs-Prozess hinsichtlich<br \/>\nGestaltung bzw. Design statt.<\/p>\n<p>\u2022 technisch\/praktische Funktionen<br \/>\n\u2022 \u00e4sthetische Funktionen<br \/>\n\u2022 zeichenhafte\/semantische Funktionen (wobei letztere unterteilt werden in die Unterkategorien)<br \/>\n\u2022 Anzeichenfunktionen<br \/>\n\u2022 symbolische Funktionen<\/p>\n<p>W\u00e4hrend sich die praktischen Funktionen eher auf die physischen Eigenschaften von Gebrauchsgegenst\u00e4nden beziehen \u2013 eine<br \/>\nSchere soll gut schneiden k\u00f6nnen, ein Griff soll gut in der Hand liegen \u2013 beziehen sich die formal-\u00e4sthetischen Funktionen auf<br \/>\ndie formalen Eigenschaften von Produkten und deren rein \u00e4sthetische Ordnung. So wird der Grad der Komplexit\u00e4t eines Produkts<br \/>\nhinsichtlich verschiedenartiger Formen erfasst. Die Kategorie der Anzeichenfunktionen bezeichnet solche Elemente eines Objekts,<br \/>\ndie auf dessen Funktion, auf bestimmte Eigenschaften und den m\u00f6glichen Gebrauch zeichenhaft hindeuten. Ein markanter, roter<br \/>\nAnschalt-Hebel besitzt insofern eine Anzeichenfunktion, indem erstens angelernt ist, dass ein gro\u00dfer Hebel meistens eine Maschine<br \/>\nein- oder ausschalten kann. Zweitens zieht die rote F\u00e4rbung besondere Aufmerksamkeit auf sich und zeigt an, dass er<br \/>\nwichtig ist.<\/p>\n<p>Die symbolischen Funktionen beziehen sich vor allem auf die sozialen oder psychologischen Aspekte eines Objekts und gehen oft<br \/>\neinher mit Gruppendynamik \u2013 ein auff\u00e4llig teures Auto soll zum Beispiel den Status des Besitzers symbolisieren. Die symbolischen<br \/>\nFunktionen beziehen sich somit auf die Position und Bedeutung eines Objekts innerhalb eines umfangreichen gesellschaftlichen<br \/>\nSzenarios. Gleichzeitig kann ein Objekt aber fu\u0308r einen einzelnen Menschen eine besondere symbolische Funktion besitzen,<br \/>\nals Andenken oder als Anker fu\u0308r eine Erinnerung etwa.<\/p>\n<p>Ziel der Gestaltung und der damit einhergehenden Kommunikation ist eine sachliche, rationale Informationsvermittlung. Es soll<br \/>\nkein weiteres Ziel erreicht werden, als dem Rezipienten neue Information oder Wissen zukommen zu lassen. Durch eine persuasive<br \/>\nFunktion (beeinflussen, u\u0308berreden) soll eine Person jedoch zu einem Verhalten u\u0308berredet oder gedr\u00e4ngt werden. In der Werbung<br \/>\nbeispielsweise werden persuasive Funktionen h\u00e4ufig aktiv, denn die potentiellen K\u00e4ufer sollen mit unterschiedlichen Mitteln<br \/>\nzum Kauf angeregt werden.<\/p>\n","protected":false},"excerpt":{"rendered":"<p>Die Funktionen von Design sind vielf\u00e4ltig und \u00e4ndern sich stetig. Dinge, die gestern noch als gut gestaltet galten, k\u00f6nnen heute<\/p>\n","protected":false},"author":1,"featured_media":0,"parent":0,"menu_order":0,"comment_status":"closed","ping_status":"closed","template":"","meta":{"footnotes":""},"_links":{"self":[{"href":"http:\/\/gestaltung-profi.de\/index.php?rest_route=\/wp\/v2\/pages\/171"}],"collection":[{"href":"http:\/\/gestaltung-profi.de\/index.php?rest_route=\/wp\/v2\/pages"}],"about":[{"href":"http:\/\/gestaltung-profi.de\/index.php?rest_route=\/wp\/v2\/types\/page"}],"author":[{"embeddable":true,"href":"http:\/\/gestaltung-profi.de\/index.php?rest_route=\/wp\/v2\/users\/1"}],"replies":[{"embeddable":true,"href":"http:\/\/gestaltung-profi.de\/index.php?rest_route=%2Fwp%2Fv2%2Fcomments&post=171"}],"version-history":[{"count":4,"href":"http:\/\/gestaltung-profi.de\/index.php?rest_route=\/wp\/v2\/pages\/171\/revisions"}],"predecessor-version":[{"id":286,"href":"http:\/\/gestaltung-profi.de\/index.php?rest_route=\/wp\/v2\/pages\/171\/revisions\/286"}],"wp:attachment":[{"href":"http:\/\/gestaltung-profi.de\/index.php?rest_route=%2Fwp%2Fv2%2Fmedia&parent=171"}],"curies":[{"name":"wp","href":"https:\/\/api.w.org\/{rel}","templated":true}]}}