{"id":167,"date":"2016-03-16T16:18:04","date_gmt":"2016-03-16T15:18:04","guid":{"rendered":"http:\/\/www.aufkleber-druck-profi.de\/?page_id=167"},"modified":"2017-10-27T13:23:58","modified_gmt":"2017-10-27T11:23:58","slug":"was-ist-gestaltung","status":"publish","type":"page","link":"http:\/\/gestaltung-profi.de\/?page_id=167","title":{"rendered":"Was ist Gestaltung?"},"content":{"rendered":"<p>Was eine Gestaltung ist, ist schnell erkl\u00e4rt: Gestaltung ist ein kreativer Schaffensprozess, bei welchem durch die Arbeit des Gestalters<br \/>\neine Sache (das kann beispielsweise ein materielles Objekt, ein Prozess, eine Situation, ein Gedankengut usw. sein) erstellt,<br \/>\nver\u00e4ndert, modifiziert oder entwickelt wird. Dadurch bekommt es eine bestimmte, teils neue Form verliehen oder bekommt<br \/>\ndadurch ein bestimmtes Erscheinungsbild.<\/p>\n<p>&nbsp;<\/p>\n<p>Als Grafikdesign bezeichnet man die visuelle Gestaltung der in grafischen Elementen enthaltenen, schriftlichen und bildlichen<br \/>\nNachrichten unter Anwendung ku\u0308nstlerischer und technischer Mittel. Der vornehmliche Zweck ist, das Verst\u00e4ndnis der Botschaft<br \/>\nbzw. der Kommunikation zu erleichtern und die Aufmerksamkeit auf sie, also auf das Produkt oder die Dienstleistung, zu erh\u00f6hen.<br \/>\nDiese Aufgabe wird in aller Regel von einem Grafiker bzw. Grafikdesigner ausgefu\u0308hrt.<\/p>\n<p>&nbsp;<\/p>\n<p>H\u00e4ufig wird die Gestaltung auch Entwurf, Kreation oder Design genannt, was letztlich darauf zuru\u0308ckzufu\u0308hren ist, dass dieser Begriff<br \/>\nletztlich die englische \u00dcbersetzung des Wortes Gestaltung darstellt. Daher f\u00e4llt in diesem Zusammenhang h\u00e4ufig der Satz:<br \/>\nDas Plakat befindet sich gerade in der Kreation. Was letztlich meint, dass das Plakat gerade von einem Grafiker gestaltet wird.<\/p>\n<p>&nbsp;<\/p>\n<p>Gestaltung im weiteren und engeren Sinne<\/p>\n<p>Die Gestaltung im weitesten Sinne bezeichnet den bewussten Eingriff in die Umwelt mit dem Ziel, diese in eine bestimmte Richtung<br \/>\nzu ver\u00e4ndern. In diesem weiten Sinne z\u00e4hlt dazu neben \u00e4sthetischer Gestaltung von unmittelbar Wahrnehmbarem auch die<br \/>\nGestaltung von mittelbar Spu\u0308rbarem, z. B. der Lebensgestaltung, der Pers\u00f6nlichkeitsgestaltung und dem Erleben von neuen Inhalten<br \/>\nund Werten durch den gestalterischen Eingriff.<\/p>\n<p>&nbsp;<\/p>\n<p>Gestaltung im engeren Sinne ist die bewusste, ver\u00e4ndernde Einflussnahme auf die \u00e4sthetische Erscheinung von Dingen oder Zusammenh\u00e4ngen.<br \/>\nAlso dem Einfluss auf unmittelbar sinnlich wahrnehmbare Ph\u00e4nomene. Beispiele sind u. a. die verschiedenen<br \/>\nDesign bereiche als Gestaltung von Produkten, Leistungen, Grafik, Mode, Architektur usw. oder auch die individuelle K\u00f6rpergestaltung<br \/>\noder Umfeldgestaltung.<\/p>\n<p>&nbsp;<\/p>\n<p>Bedeutung des Begriffs<br \/>\nDesign (dt.: Gestaltung) bedeutet meist Entwurf oder Formgebung. Design beinhaltet eine Vielzahl von Aspekten und geht u\u0308ber<br \/>\ndie rein \u00e4u\u00dferliche Form- und Farbgestaltung eines Objekts hinaus. Insbesondere umfasst Design auch die Auseinandersetzung<br \/>\ndes Designers mit der Funktion eines Objekts sowie mit dessen Interaktion mit einem Benutzer. Im Design-Prozess kann somit<br \/>\nunter anderem Einfluss auf die Funktion, Bedienbarkeit und Lebensdauer eines Objekts genommen werden, was besonders beim<br \/>\nDesign industriell gefertigter Produkte relevant ist.<\/p>\n<p>&nbsp;<\/p>\n<p>Design orientiert sich am Menschen und seinen vielf\u00e4ltigen Bedu\u0308rfnissen. Diese Bedu\u0308rfnisse reichen von k\u00f6rperlichen und psychischen<br \/>\nBedu\u0308rfnissen bis hin zu Anforderungen des menschlichen Verstands an die gegenst\u00e4ndliche Umwelt. Design folgt dabei<br \/>\nnicht allein selbst gesetzten Regeln und Intentionen, sondern muss sich vor allem mit den Interessen jener Gruppen oder Personen<br \/>\nauseinandersetzen, denen das Design dienlich sein soll. Dadurch ist Design und sind die Entwu\u0308rfe vor allem zweckorientiert.<br \/>\nIn der Design-Theorie wurde dafu\u0308r der Begriff der Funktionalit\u00e4t gepr\u00e4gt. Nicht zuletzt durch seine Zweckorientierung unterscheidet<br \/>\nsich Design von der Kunst.<\/p>\n","protected":false},"excerpt":{"rendered":"<p>Was eine Gestaltung ist, ist schnell erkl\u00e4rt: Gestaltung ist ein kreativer Schaffensprozess, bei welchem durch die Arbeit des Gestalters eine<\/p>\n","protected":false},"author":1,"featured_media":0,"parent":0,"menu_order":0,"comment_status":"closed","ping_status":"closed","template":"","meta":{"footnotes":""},"_links":{"self":[{"href":"http:\/\/gestaltung-profi.de\/index.php?rest_route=\/wp\/v2\/pages\/167"}],"collection":[{"href":"http:\/\/gestaltung-profi.de\/index.php?rest_route=\/wp\/v2\/pages"}],"about":[{"href":"http:\/\/gestaltung-profi.de\/index.php?rest_route=\/wp\/v2\/types\/page"}],"author":[{"embeddable":true,"href":"http:\/\/gestaltung-profi.de\/index.php?rest_route=\/wp\/v2\/users\/1"}],"replies":[{"embeddable":true,"href":"http:\/\/gestaltung-profi.de\/index.php?rest_route=%2Fwp%2Fv2%2Fcomments&post=167"}],"version-history":[{"count":5,"href":"http:\/\/gestaltung-profi.de\/index.php?rest_route=\/wp\/v2\/pages\/167\/revisions"}],"predecessor-version":[{"id":281,"href":"http:\/\/gestaltung-profi.de\/index.php?rest_route=\/wp\/v2\/pages\/167\/revisions\/281"}],"wp:attachment":[{"href":"http:\/\/gestaltung-profi.de\/index.php?rest_route=%2Fwp%2Fv2%2Fmedia&parent=167"}],"curies":[{"name":"wp","href":"https:\/\/api.w.org\/{rel}","templated":true}]}}